{"id":2712,"date":"2023-02-19T13:48:21","date_gmt":"2023-02-19T13:48:21","guid":{"rendered":"https:\/\/jititalia.it\/?page_id=2712"},"modified":"2023-02-19T14:52:35","modified_gmt":"2023-02-19T14:52:35","slug":"voip-centralino-2","status":"publish","type":"page","link":"https:\/\/jititalia.it\/en\/voip-centralino-2\/","title":{"rendered":"Voip-Centralino"},"content":{"rendered":"\t\t<div data-elementor-type=\"wp-page\" data-elementor-id=\"2712\" class=\"elementor elementor-2712\" data-elementor-post-type=\"page\">\n\t\t\t\t\t\t<section class=\"elementor-section elementor-top-section elementor-element elementor-element-5fa8b546 elementor-section-height-min-height elementor-section-content-middle elementor-section-full_width elementor-section-height-default elementor-section-items-middle\" data-id=\"5fa8b546\" data-element_type=\"section\" data-e-type=\"section\" data-settings=\"{&quot;background_background&quot;:&quot;classic&quot;}\">\n\t\t\t\t\t\t\t<div class=\"elementor-background-overlay\"><\/div>\n\t\t\t\t\t\t\t<div class=\"elementor-container elementor-column-gap-no\">\n\t\t\t\t\t<div class=\"elementor-column elementor-col-100 elementor-top-column elementor-element elementor-element-55510882\" data-id=\"55510882\" data-element_type=\"column\" data-e-type=\"column\">\n\t\t\t<div class=\"elementor-widget-wrap elementor-element-populated\">\n\t\t\t\t\t\t<div class=\"elementor-element elementor-element-4c7569a5 elementor-headline--style-rotate elementor-widget elementor-widget-animated-headline\" data-id=\"4c7569a5\" data-element_type=\"widget\" data-e-type=\"widget\" data-settings=\"{&quot;headline_style&quot;:&quot;rotate&quot;,&quot;animation_type&quot;:&quot;slide&quot;,&quot;rotating_text&quot;:&quot;Nuova Generazione di Centralini\\nLinee Voip Immediate\\nSegretaria Virtuale&quot;,&quot;loop&quot;:&quot;yes&quot;,&quot;rotate_iteration_delay&quot;:2500}\" data-widget_type=\"animated-headline.default\">\n\t\t\t\t<div class=\"elementor-widget-container\">\n\t\t\t\t\t\t\t<h2 class=\"elementor-headline elementor-headline-animation-type-slide\">\n\t\t\t\t<span class=\"elementor-headline-dynamic-wrapper elementor-headline-text-wrapper\">\n\t\t\t\t\t<span class=\"elementor-headline-dynamic-text elementor-headline-text-active\">\n\t\t\t\tNuova&nbsp;Generazione&nbsp;di&nbsp;Centralini\t\t\t<\/span>\n\t\t\t\t\t<span class=\"elementor-headline-dynamic-text\">\n\t\t\t\tLinee&nbsp;Voip&nbsp;Immediate\t\t\t<\/span>\n\t\t\t\t\t<span class=\"elementor-headline-dynamic-text\">\n\t\t\t\tSegretaria&nbsp;Virtuale\t\t\t<\/span>\n\t\t\t\t\t\t<\/span>\n\t\t\t\t<\/h2>\n\t\t\t\t\t\t<\/div>\n\t\t\t\t<\/div>\n\t\t\t\t<div class=\"elementor-element elementor-element-2a757059 elementor-widget elementor-widget-text-editor\" data-id=\"2a757059\" data-element_type=\"widget\" data-e-type=\"widget\" data-widget_type=\"text-editor.default\">\n\t\t\t\t<div class=\"elementor-widget-container\">\n\t\t\t\t\t\t\t\t\t<p>Comunicare, Verificare, Interagire, Meno Stress<\/p>\t\t\t\t\t\t\t\t<\/div>\n\t\t\t\t<\/div>\n\t\t\t\t<div class=\"elementor-element elementor-element-49aa0e71 elementor-align-center elementor-widget elementor-widget-button\" data-id=\"49aa0e71\" data-element_type=\"widget\" data-e-type=\"widget\" data-widget_type=\"button.default\">\n\t\t\t\t<div class=\"elementor-widget-container\">\n\t\t\t\t\t\t\t\t\t<div class=\"elementor-button-wrapper\">\n\t\t\t\t\t<a class=\"elementor-button elementor-button-link elementor-size-sm elementor-animation-grow\" href=\"https:\/\/jititalia.it\/contatti\/\" target=\"_blank\">\n\t\t\t\t\t\t<span class=\"elementor-button-content-wrapper\">\n\t\t\t\t\t\t\t\t\t<span class=\"elementor-button-text\">CONTATTACI<\/span>\n\t\t\t\t\t<\/span>\n\t\t\t\t\t<\/a>\n\t\t\t\t<\/div>\n\t\t\t\t\t\t\t\t<\/div>\n\t\t\t\t<\/div>\n\t\t\t\t\t<\/div>\n\t\t<\/div>\n\t\t\t\t\t<\/div>\n\t\t<\/section>\n\t\t\t\t<section class=\"elementor-section elementor-top-section elementor-element elementor-element-2e59b549 elementor-section-content-middle elementor-reverse-mobile elementor-section-boxed elementor-section-height-default elementor-section-height-default\" data-id=\"2e59b549\" data-element_type=\"section\" data-e-type=\"section\">\n\t\t\t\t\t\t<div class=\"elementor-container elementor-column-gap-no\">\n\t\t\t\t\t<div class=\"elementor-column elementor-col-50 elementor-top-column elementor-element elementor-element-5aad8b7b\" data-id=\"5aad8b7b\" data-element_type=\"column\" data-e-type=\"column\" data-settings=\"{&quot;motion_fx_motion_fx_scrolling&quot;:&quot;yes&quot;,&quot;motion_fx_devices&quot;:[&quot;desktop&quot;,&quot;tablet&quot;,&quot;mobile&quot;]}\">\n\t\t\t<div class=\"elementor-widget-wrap elementor-element-populated\">\n\t\t\t\t\t\t<div class=\"elementor-element elementor-element-178ccd66 elementor-widget elementor-widget-heading\" data-id=\"178ccd66\" data-element_type=\"widget\" data-e-type=\"widget\" data-widget_type=\"heading.default\">\n\t\t\t\t<div class=\"elementor-widget-container\">\n\t\t\t\t\t<h3 class=\"elementor-heading-title elementor-size-default\"><a href=\"https:\/\/jititalia.it\/voip\/\" target=\"_blank\">Centralino con <br>Intelligenza artificiale<\/a><\/h3>\t\t\t\t<\/div>\n\t\t\t\t<\/div>\n\t\t\t\t<div class=\"elementor-element elementor-element-66f61a4c elementor-widget elementor-widget-text-editor\" data-id=\"66f61a4c\" data-element_type=\"widget\" data-e-type=\"widget\" data-widget_type=\"text-editor.default\">\n\t\t\t\t<div class=\"elementor-widget-container\">\n\t\t\t\t\t\t\t\t\t<p><i><b>Intelligenza artificiale su linea telefonica!<\/b><br \/><br \/>Abbiamo realizzato e messo in campo i risponditori automatici intelligenti: una tecnologia tutta nostra, senza l\u2019appoggio dei grandi e costosi nomi che fanno lievitare i prezzi, una tecnologia innovativa alla portata di tutti.<br \/><br \/>Con la nostra tecnologia, l\u2019intelligenza artificiale smette di essere riservata a pochi e danarosi imprenditori e arriva in supporto anche di aziende piccole, che vogliono usufruire di software capaci di affiancarli nel loro lavoro, ad un prezzo assolutamente accessibile. ASR, TTS, machine learning che possono semplificare il lavoro di farmacie, medici e prenotazioni in generale.<\/i><\/p>\t\t\t\t\t\t\t\t<\/div>\n\t\t\t\t<\/div>\n\t\t\t\t\t<\/div>\n\t\t<\/div>\n\t\t\t\t<div class=\"elementor-column elementor-col-50 elementor-top-column elementor-element elementor-element-70ae3d01\" data-id=\"70ae3d01\" data-element_type=\"column\" data-e-type=\"column\">\n\t\t\t<div class=\"elementor-widget-wrap elementor-element-populated\">\n\t\t\t\t\t\t<div class=\"elementor-element elementor-element-75bb155f elementor-widget elementor-widget-image\" data-id=\"75bb155f\" data-element_type=\"widget\" data-e-type=\"widget\" data-widget_type=\"image.default\">\n\t\t\t\t<div class=\"elementor-widget-container\">\n\t\t\t\t\t\t\t\t\t\t\t\t\t\t\t\t<a href=\"https:\/\/jititalia.it\/voip\/\" target=\"_blank\">\n\t\t\t\t\t\t\t<img fetchpriority=\"high\" decoding=\"async\" width=\"1800\" height=\"1200\" src=\"https:\/\/jititalia.it\/wp-content\/uploads\/2023\/02\/v617-bb-04-technology_risultato.webp\" class=\"elementor-animation-grow attachment-full size-full wp-image-2724\" alt=\"\" srcset=\"https:\/\/jititalia.it\/wp-content\/uploads\/2023\/02\/v617-bb-04-technology_risultato.webp 1800w, https:\/\/jititalia.it\/wp-content\/uploads\/2023\/02\/v617-bb-04-technology_risultato-300x200.webp 300w, https:\/\/jititalia.it\/wp-content\/uploads\/2023\/02\/v617-bb-04-technology_risultato-1024x683.webp 1024w, https:\/\/jititalia.it\/wp-content\/uploads\/2023\/02\/v617-bb-04-technology_risultato-768x512.webp 768w, https:\/\/jititalia.it\/wp-content\/uploads\/2023\/02\/v617-bb-04-technology_risultato-1536x1024.webp 1536w, https:\/\/jititalia.it\/wp-content\/uploads\/2023\/02\/v617-bb-04-technology_risultato-18x12.webp 18w\" sizes=\"(max-width: 1800px) 100vw, 1800px\" \/>\t\t\t\t\t\t\t\t<\/a>\n\t\t\t\t\t\t\t\t\t\t\t\t\t\t\t<\/div>\n\t\t\t\t<\/div>\n\t\t\t\t\t<\/div>\n\t\t<\/div>\n\t\t\t\t\t<\/div>\n\t\t<\/section>\n\t\t\t\t<section class=\"elementor-section elementor-top-section elementor-element elementor-element-7942e274 elementor-section-content-middle elementor-reverse-mobile elementor-section-boxed elementor-section-height-default elementor-section-height-default\" data-id=\"7942e274\" data-element_type=\"section\" data-e-type=\"section\">\n\t\t\t\t\t\t<div class=\"elementor-container elementor-column-gap-no\">\n\t\t\t\t\t<div class=\"elementor-column elementor-col-50 elementor-top-column elementor-element elementor-element-31e81dc2\" data-id=\"31e81dc2\" data-element_type=\"column\" data-e-type=\"column\">\n\t\t\t<div class=\"elementor-widget-wrap elementor-element-populated\">\n\t\t\t\t\t\t<div class=\"elementor-element elementor-element-77e3a5c3 elementor-widget elementor-widget-image\" data-id=\"77e3a5c3\" data-element_type=\"widget\" data-e-type=\"widget\" data-widget_type=\"image.default\">\n\t\t\t\t<div class=\"elementor-widget-container\">\n\t\t\t\t\t\t\t\t\t\t\t\t\t\t\t\t<a href=\"https:\/\/jititalia.it\/voip\/\" target=\"_blank\">\n\t\t\t\t\t\t\t<img decoding=\"async\" width=\"1800\" height=\"1200\" src=\"https:\/\/jititalia.it\/wp-content\/uploads\/2023\/02\/busy-woman-doing-many-things-same-time_risultato.webp\" class=\"elementor-animation-grow attachment-full size-full wp-image-2636\" alt=\"\" srcset=\"https:\/\/jititalia.it\/wp-content\/uploads\/2023\/02\/busy-woman-doing-many-things-same-time_risultato.webp 1800w, https:\/\/jititalia.it\/wp-content\/uploads\/2023\/02\/busy-woman-doing-many-things-same-time_risultato-300x200.webp 300w, https:\/\/jititalia.it\/wp-content\/uploads\/2023\/02\/busy-woman-doing-many-things-same-time_risultato-1024x683.webp 1024w, https:\/\/jititalia.it\/wp-content\/uploads\/2023\/02\/busy-woman-doing-many-things-same-time_risultato-768x512.webp 768w, https:\/\/jititalia.it\/wp-content\/uploads\/2023\/02\/busy-woman-doing-many-things-same-time_risultato-1536x1024.webp 1536w, https:\/\/jititalia.it\/wp-content\/uploads\/2023\/02\/busy-woman-doing-many-things-same-time_risultato-18x12.webp 18w\" sizes=\"(max-width: 1800px) 100vw, 1800px\" \/>\t\t\t\t\t\t\t\t<\/a>\n\t\t\t\t\t\t\t\t\t\t\t\t\t\t\t<\/div>\n\t\t\t\t<\/div>\n\t\t\t\t\t<\/div>\n\t\t<\/div>\n\t\t\t\t<div class=\"elementor-column elementor-col-50 elementor-top-column elementor-element elementor-element-54310b01\" data-id=\"54310b01\" data-element_type=\"column\" data-e-type=\"column\">\n\t\t\t<div class=\"elementor-widget-wrap elementor-element-populated\">\n\t\t\t\t\t\t<div class=\"elementor-element elementor-element-62b19af5 elementor-widget elementor-widget-heading\" data-id=\"62b19af5\" data-element_type=\"widget\" data-e-type=\"widget\" data-widget_type=\"heading.default\">\n\t\t\t\t<div class=\"elementor-widget-container\">\n\t\t\t\t\t<h3 class=\"elementor-heading-title elementor-size-default\"><a href=\"https:\/\/jititalia.it\/voip\/\" target=\"_blank\">Centralino <br> Voip + AI<\/a><\/h3>\t\t\t\t<\/div>\n\t\t\t\t<\/div>\n\t\t\t\t<div class=\"elementor-element elementor-element-6c4d60f1 elementor-widget elementor-widget-text-editor\" data-id=\"6c4d60f1\" data-element_type=\"widget\" data-e-type=\"widget\" data-widget_type=\"text-editor.default\">\n\t\t\t\t<div class=\"elementor-widget-container\">\n\t\t\t\t\t\t\t\t\t<header class=\"entry-header text-center\"><h3>Semplice, personalizzabile e conveniente!<br \/>Servizio con numero di telefono dedicato per informazioni e prenotazioni.Offriamo ai medici una soluzione semplice ed efficace per gestire al meglio i rapporti telefonici con i propri pazienti.<\/h3><\/header><p>Considerando anche quanto accaduto con il covid-19 e il fatto che il medico sia l&#8217;unico vero referente per i pazienti, la necessit\u00e0 di fornire informazioni aggiornate \u00e8 sempre pi\u00f9 importante.<br \/>Allo stesso tempo, poter dare ai propri pazienti la possibilit\u00e0 di prenotare una visita medica con una semplice telefonata, 24 ore su 24, tutti i giorni, \u00e8 sicuramente un grande vantaggio.<\/p>\t\t\t\t\t\t\t\t<\/div>\n\t\t\t\t<\/div>\n\t\t\t\t\t<\/div>\n\t\t<\/div>\n\t\t\t\t\t<\/div>\n\t\t<\/section>\n\t\t\t\t<section class=\"elementor-section elementor-top-section elementor-element elementor-element-17ac0582 elementor-section-content-middle elementor-reverse-mobile elementor-section-boxed elementor-section-height-default elementor-section-height-default\" data-id=\"17ac0582\" data-element_type=\"section\" data-e-type=\"section\">\n\t\t\t\t\t\t<div class=\"elementor-container elementor-column-gap-no\">\n\t\t\t\t\t<div class=\"elementor-column elementor-col-50 elementor-top-column elementor-element elementor-element-1809b96c\" data-id=\"1809b96c\" data-element_type=\"column\" data-e-type=\"column\" data-settings=\"{&quot;motion_fx_motion_fx_scrolling&quot;:&quot;yes&quot;,&quot;motion_fx_devices&quot;:[&quot;desktop&quot;,&quot;tablet&quot;,&quot;mobile&quot;]}\">\n\t\t\t<div class=\"elementor-widget-wrap elementor-element-populated\">\n\t\t\t\t\t\t<div class=\"elementor-element elementor-element-3d11f78b elementor-widget elementor-widget-heading\" data-id=\"3d11f78b\" data-element_type=\"widget\" data-e-type=\"widget\" data-widget_type=\"heading.default\">\n\t\t\t\t<div class=\"elementor-widget-container\">\n\t\t\t\t\t<h3 class=\"elementor-heading-title elementor-size-default\"><a href=\"https:\/\/jititalia.it\/voip\/\" target=\"_blank\">Caratteristiche<\/a><\/h3>\t\t\t\t<\/div>\n\t\t\t\t<\/div>\n\t\t\t\t<div class=\"elementor-element elementor-element-10ef56d1 elementor-widget elementor-widget-text-editor\" data-id=\"10ef56d1\" data-element_type=\"widget\" data-e-type=\"widget\" data-widget_type=\"text-editor.default\">\n\t\t\t\t<div class=\"elementor-widget-container\">\n\t\t\t\t\t\t\t\t\t<h3><b style=\"font-size: 16px;\">Semplice<\/b><span style=\"font-size: 16px;\">: configurazione dall&#8217;interfaccia web<\/span><\/h3><div><i class=\"fa fa-check-square-o\" aria-hidden=\"true\"><\/i><b>Immediato<\/b>: attivazione entro 2 ore<br \/><b>Economico<\/b>: costa <b>solo pochi euro\u00a0 \u20ac<\/b>*\u00a0 al mese<br \/><b>Garantito<\/b>: Prova gratuita di <b>10 giorni<\/b>\u00a0<br \/><b>Assistito<\/b>: supporto tecnico <b>gratuito<\/b>, luned\u00ec al venerd\u00ec, 9:00 \/ 13:00 &#8211; 14:00 \/ 18:00<br \/><b>Libero<\/b>: nessun obbligo di rinnovo. Pu\u00f2 essere utilizzato solo per il periodo di tempo desiderato<\/div>\t\t\t\t\t\t\t\t<\/div>\n\t\t\t\t<\/div>\n\t\t\t\t\t<\/div>\n\t\t<\/div>\n\t\t\t\t<div class=\"elementor-column elementor-col-50 elementor-top-column elementor-element elementor-element-8d86bb0\" data-id=\"8d86bb0\" data-element_type=\"column\" data-e-type=\"column\">\n\t\t\t<div class=\"elementor-widget-wrap elementor-element-populated\">\n\t\t\t\t\t\t<div class=\"elementor-element elementor-element-27a158ab elementor-widget elementor-widget-image\" data-id=\"27a158ab\" data-element_type=\"widget\" data-e-type=\"widget\" data-widget_type=\"image.default\">\n\t\t\t\t<div class=\"elementor-widget-container\">\n\t\t\t\t\t\t\t\t\t\t\t\t\t\t\t\t<a href=\"https:\/\/jititalia.it\/voip\/\" target=\"_blank\">\n\t\t\t\t\t\t\t<img decoding=\"async\" width=\"1920\" height=\"960\" src=\"https:\/\/jititalia.it\/wp-content\/uploads\/2023\/02\/call_risultato.webp\" class=\"elementor-animation-grow attachment-full size-full wp-image-2631\" alt=\"\" srcset=\"https:\/\/jititalia.it\/wp-content\/uploads\/2023\/02\/call_risultato.webp 1920w, https:\/\/jititalia.it\/wp-content\/uploads\/2023\/02\/call_risultato-300x150.webp 300w, https:\/\/jititalia.it\/wp-content\/uploads\/2023\/02\/call_risultato-1024x512.webp 1024w, https:\/\/jititalia.it\/wp-content\/uploads\/2023\/02\/call_risultato-768x384.webp 768w, https:\/\/jititalia.it\/wp-content\/uploads\/2023\/02\/call_risultato-1536x768.webp 1536w, https:\/\/jititalia.it\/wp-content\/uploads\/2023\/02\/call_risultato-18x9.webp 18w\" sizes=\"(max-width: 1920px) 100vw, 1920px\" \/>\t\t\t\t\t\t\t\t<\/a>\n\t\t\t\t\t\t\t\t\t\t\t\t\t\t\t<\/div>\n\t\t\t\t<\/div>\n\t\t\t\t\t<\/div>\n\t\t<\/div>\n\t\t\t\t\t<\/div>\n\t\t<\/section>\n\t\t\t\t<section class=\"elementor-section elementor-top-section elementor-element elementor-element-bfd3307 elementor-section-content-middle elementor-reverse-mobile elementor-section-boxed elementor-section-height-default elementor-section-height-default\" data-id=\"bfd3307\" data-element_type=\"section\" data-e-type=\"section\">\n\t\t\t\t\t\t<div class=\"elementor-container elementor-column-gap-no\">\n\t\t\t\t\t<div class=\"elementor-column elementor-col-50 elementor-top-column elementor-element elementor-element-da44e04\" data-id=\"da44e04\" data-element_type=\"column\" data-e-type=\"column\">\n\t\t\t<div class=\"elementor-widget-wrap elementor-element-populated\">\n\t\t\t\t\t\t<div class=\"elementor-element elementor-element-05efc4c elementor-widget elementor-widget-image\" data-id=\"05efc4c\" data-element_type=\"widget\" data-e-type=\"widget\" data-widget_type=\"image.default\">\n\t\t\t\t<div class=\"elementor-widget-container\">\n\t\t\t\t\t\t\t\t\t\t\t\t\t\t\t\t<a href=\"https:\/\/jititalia.it\/voip\/\" target=\"_blank\">\n\t\t\t\t\t\t\t<img loading=\"lazy\" decoding=\"async\" width=\"1800\" height=\"1200\" src=\"https:\/\/jititalia.it\/wp-content\/uploads\/2023\/02\/sorridente-esecutivo-con-l-auricolare_risultato.webp\" class=\"elementor-animation-grow attachment-full size-full wp-image-2637\" alt=\"\" srcset=\"https:\/\/jititalia.it\/wp-content\/uploads\/2023\/02\/sorridente-esecutivo-con-l-auricolare_risultato.webp 1800w, https:\/\/jititalia.it\/wp-content\/uploads\/2023\/02\/sorridente-esecutivo-con-l-auricolare_risultato-300x200.webp 300w, https:\/\/jititalia.it\/wp-content\/uploads\/2023\/02\/sorridente-esecutivo-con-l-auricolare_risultato-1024x683.webp 1024w, https:\/\/jititalia.it\/wp-content\/uploads\/2023\/02\/sorridente-esecutivo-con-l-auricolare_risultato-768x512.webp 768w, https:\/\/jititalia.it\/wp-content\/uploads\/2023\/02\/sorridente-esecutivo-con-l-auricolare_risultato-1536x1024.webp 1536w, https:\/\/jititalia.it\/wp-content\/uploads\/2023\/02\/sorridente-esecutivo-con-l-auricolare_risultato-18x12.webp 18w\" sizes=\"(max-width: 1800px) 100vw, 1800px\" \/>\t\t\t\t\t\t\t\t<\/a>\n\t\t\t\t\t\t\t\t\t\t\t\t\t\t\t<\/div>\n\t\t\t\t<\/div>\n\t\t\t\t\t<\/div>\n\t\t<\/div>\n\t\t\t\t<div class=\"elementor-column elementor-col-50 elementor-top-column elementor-element elementor-element-0b4217a\" data-id=\"0b4217a\" data-element_type=\"column\" data-e-type=\"column\">\n\t\t\t<div class=\"elementor-widget-wrap elementor-element-populated\">\n\t\t\t\t\t\t<div class=\"elementor-element elementor-element-596b4fc elementor-widget elementor-widget-heading\" data-id=\"596b4fc\" data-element_type=\"widget\" data-e-type=\"widget\" data-widget_type=\"heading.default\">\n\t\t\t\t<div class=\"elementor-widget-container\">\n\t\t\t\t\t<h3 class=\"elementor-heading-title elementor-size-default\"><a href=\"https:\/\/jititalia.it\/voip\/\" target=\"_blank\">Comprende<\/a><\/h3>\t\t\t\t<\/div>\n\t\t\t\t<\/div>\n\t\t\t\t<div class=\"elementor-element elementor-element-155349f elementor-widget elementor-widget-text-editor\" data-id=\"155349f\" data-element_type=\"widget\" data-e-type=\"widget\" data-widget_type=\"text-editor.default\">\n\t\t\t\t<div class=\"elementor-widget-container\">\n\t\t\t\t\t\t\t\t\t<ul><li><b>Numero di telefono gratuito<\/b><\/li><li><b>Fino a 4 chiamate simultanee<\/b><\/li><li><b>Operativo 7 giorni su 7, 24 ore su 24<\/b><\/li><li><b>Possibilit\u00e0 di registrare fino a 5 diversi messaggi audio (semplicemente scrivendo il testo)<\/b><\/li><li><b>Prenotazione di una visita medica<\/b><\/li><li><b>Annullamento della prenotazione di una visita medica<\/b><\/li><\/ul>\t\t\t\t\t\t\t\t<\/div>\n\t\t\t\t<\/div>\n\t\t\t\t\t<\/div>\n\t\t<\/div>\n\t\t\t\t\t<\/div>\n\t\t<\/section>\n\t\t\t\t<section class=\"elementor-section elementor-top-section elementor-element elementor-element-25be75ed elementor-section-boxed elementor-section-height-default elementor-section-height-default\" data-id=\"25be75ed\" data-element_type=\"section\" data-e-type=\"section\">\n\t\t\t\t\t\t<div class=\"elementor-container elementor-column-gap-default\">\n\t\t\t\t\t<div class=\"elementor-column elementor-col-100 elementor-top-column elementor-element elementor-element-3c7e7b2d\" data-id=\"3c7e7b2d\" data-element_type=\"column\" data-e-type=\"column\">\n\t\t\t<div class=\"elementor-widget-wrap elementor-element-populated\">\n\t\t\t\t\t\t<div class=\"elementor-element elementor-element-6ba5d7ed elementor-align-center elementor-widget elementor-widget-button\" data-id=\"6ba5d7ed\" data-element_type=\"widget\" data-e-type=\"widget\" data-widget_type=\"button.default\">\n\t\t\t\t<div class=\"elementor-widget-container\">\n\t\t\t\t\t\t\t\t\t<div class=\"elementor-button-wrapper\">\n\t\t\t\t\t<a class=\"elementor-button elementor-button-link elementor-size-sm\" href=\"https:\/\/jititalia.it\/contatti\/\" target=\"_blank\">\n\t\t\t\t\t\t<span class=\"elementor-button-content-wrapper\">\n\t\t\t\t\t\t\t\t\t<span class=\"elementor-button-text\">Contattaci<\/span>\n\t\t\t\t\t<\/span>\n\t\t\t\t\t<\/a>\n\t\t\t\t<\/div>\n\t\t\t\t\t\t\t\t<\/div>\n\t\t\t\t<\/div>\n\t\t\t\t\t<\/div>\n\t\t<\/div>\n\t\t\t\t\t<\/div>\n\t\t<\/section>\n\t\t\t\t<\/div>\n\t\t","protected":false},"excerpt":{"rendered":"<p>Nuova&nbsp;Generazione&nbsp;di&nbsp;Centralini Linee&nbsp;Voip&nbsp;Immediate Segretaria&nbsp;Virtuale Comunicare, Verificare, Interagire, Meno Stress CONTATTACI Centralino con Intelligenza artificiale Intelligenza artificiale su linea telefonica! Abbiamo realizzato e messo in campo i risponditori automatici intelligenti: una tecnologia tutta nostra, senza l\u2019appoggio dei grandi e costosi nomi che fanno lievitare i prezzi, una tecnologia innovativa alla portata di tutti. Con la nostra tecnologia, [&hellip;]<\/p>\n","protected":false},"author":1,"featured_media":0,"parent":0,"menu_order":0,"comment_status":"closed","ping_status":"closed","template":"","meta":{"footnotes":""},"class_list":["post-2712","page","type-page","status-publish","hentry"],"_links":{"self":[{"href":"https:\/\/jititalia.it\/en\/wp-json\/wp\/v2\/pages\/2712","targetHints":{"allow":["GET"]}}],"collection":[{"href":"https:\/\/jititalia.it\/en\/wp-json\/wp\/v2\/pages"}],"about":[{"href":"https:\/\/jititalia.it\/en\/wp-json\/wp\/v2\/types\/page"}],"author":[{"embeddable":true,"href":"https:\/\/jititalia.it\/en\/wp-json\/wp\/v2\/users\/1"}],"replies":[{"embeddable":true,"href":"https:\/\/jititalia.it\/en\/wp-json\/wp\/v2\/comments?post=2712"}],"version-history":[{"count":14,"href":"https:\/\/jititalia.it\/en\/wp-json\/wp\/v2\/pages\/2712\/revisions"}],"predecessor-version":[{"id":2753,"href":"https:\/\/jititalia.it\/en\/wp-json\/wp\/v2\/pages\/2712\/revisions\/2753"}],"wp:attachment":[{"href":"https:\/\/jititalia.it\/en\/wp-json\/wp\/v2\/media?parent=2712"}],"curies":[{"name":"wp","href":"https:\/\/api.w.org\/{rel}","templated":true}]}}