{"id":3,"date":"2022-03-11T17:59:46","date_gmt":"2022-03-11T17:59:46","guid":{"rendered":"https:\/\/jititalia.it\/?page_id=3"},"modified":"2024-11-21T12:10:29","modified_gmt":"2024-11-21T12:10:29","slug":"privacy-policy","status":"publish","type":"page","link":"https:\/\/jititalia.it\/en\/privacy-policy\/","title":{"rendered":"Privacy Policy"},"content":{"rendered":"<div data-elementor-type=\"wp-page\" data-elementor-id=\"3\" class=\"elementor elementor-3\" data-elementor-post-type=\"page\">\n\t\t\t\t\t\t<section class=\"elementor-section elementor-top-section elementor-element elementor-element-83aaa89 elementor-section-boxed elementor-section-height-default elementor-section-height-default\" data-id=\"83aaa89\" data-element_type=\"section\" data-e-type=\"section\">\n\t\t\t\t\t\t<div class=\"elementor-container elementor-column-gap-default\">\n\t\t\t\t\t<div class=\"elementor-column elementor-col-100 elementor-top-column elementor-element elementor-element-bfa0d33\" data-id=\"bfa0d33\" data-element_type=\"column\" data-e-type=\"column\">\n\t\t\t<div class=\"elementor-widget-wrap elementor-element-populated\">\n\t\t\t\t\t\t<div class=\"elementor-element elementor-element-4ccd665 elementor-widget elementor-widget-heading\" data-id=\"4ccd665\" data-element_type=\"widget\" data-e-type=\"widget\" data-widget_type=\"heading.default\">\n\t\t\t\t<div class=\"elementor-widget-container\">\n\t\t\t\t\t<h1 class=\"elementor-heading-title elementor-size-default\">INFORMATIVA AL TRATTAMENTO DEI DATI PERSONALI<\/h1>\t\t\t\t<\/div>\n\t\t\t\t<\/div>\n\t\t\t\t<div class=\"elementor-element elementor-element-ef6f9e2 elementor-widget elementor-widget-text-editor\" data-id=\"ef6f9e2\" data-element_type=\"widget\" data-e-type=\"widget\" data-widget_type=\"text-editor.default\">\n\t\t\t\t<div class=\"elementor-widget-container\">\n\t\t\t\t\t\t\t\t\t<p>I dati personali dell&#8217;utente sono utilizzati dalla <strong>JIT ITALIA SRL<\/strong> , che ne \u00e8 titolare per il trattamento, nel rispetto dei principi di protezione dei dati personali stabiliti dal Regolamento GDPR 2016\/679 e della normativa nazionale in vigore.<\/p><p><u><b>FONTE DEI DATI PERSONALI<\/b><\/u><\/p><p>La raccolta dei dati personali viene effettuata dalla <strong>JIT ITALIA SRL<\/strong> registrando i dati:<\/p><ul><li>raccolti direttamente presso interessato, al momento del contatto iniziale o di successive comunicazioni<\/li><li>forniti da terzi<\/li><\/ul><div>\u00a0<\/div><p><u><b>MODALIT\u00c0 E FINALIT\u00c0 DEL TRATTAMENTO DATI<\/b><\/u><\/p><p>1. La informiamo che i dati verranno trattati con il supporto dei seguenti mezzi:<\/p><ul><li>Mista &#8211; elettronica e cartacea<\/li><\/ul><p>con le seguenti finalit\u00e0:<\/p><ul><li>Adempimento di obblighi fiscali o contabili<\/li><li>Attivit\u00e0 di consulenza<\/li><li>Attivit\u00e0 promozionali<\/li><li>Erogazione del servizio prodotto<\/li><li>Gestione dei fornitori (contratti, ordini, arrivi, fatture)<\/li><li>Gestione del contenzioso (contratti, ordini, arrivi, fatture)<\/li><li>Gestione della clientela (contratti, ordini, spedizioni e fatture)<\/li><li>Hosting di servizi on-line<\/li><li>Marketing (analisi e indagini di mercato)<\/li><li>Newsletter<\/li><\/ul><div>\u00a0<\/div><p>In particolare, per le finalit\u00e0 specificate di seguito i dati dell\u2019utente saranno trattati SOLO su specifica accettazione del consenso:<\/p><ul><li>Attivit\u00e0 promozionali \u00a0<\/li><li>Marketing (analisi e indagini di mercato)\u00a0<\/li><li>Newsletter\u00a0<\/li><li>Consenso al trattamento di dati particolari<\/li><\/ul><div><b>\u00a0<\/b><\/div><p><u><b>BASE GIURIDICA<\/b><\/u><\/p><p>2. Le basi giuridiche su cui si fonda il trattamento per i dati comuni, secondo l&#8217;Art.6 del Regolamento GDPR, sono:<\/p><ul><li>Legittimo interesse;<\/li><li>Legge;<\/li><li>Contratto;<\/li><li>Consenso;<\/li><\/ul><p>Le basi giuridiche su cui si fonda il trattamento per categorie particolari di dati personali,\u00a0secondo l&#8217;Art.9 del Regolamento GDPR, sono:<\/p><ul><li>Legittimo interesse;<\/li><li>Legge;<\/li><li>Contratto;<\/li><li>Consenso;<\/li><\/ul><div>\u00a0<\/div><p>Il conferimento dei dati \u00e8 obbligatorio per tutto quanto \u00e8 richiesto dagli obblighi legali e contrattuali e pertanto l&#8217;eventuale rifiuto a fornirli in tutto o in parte pu\u00f2 dar luogo all&#8217;impossibilit\u00e0 di fornire i servizi richiesti.<\/p><p>La societ\u00e0 tratta i dati facoltativi degli utenti in base al consenso, ossia mediante l\u2019approvazione esplicita della presente policy privacy e in relazione alle modalit\u00e0 e finalit\u00e0 di seguito descritte.<\/p><p><u><b>CATEGORIE DI DESTINATARI<\/b><\/u><\/p><p>3. Ferme restando le comunicazioni eseguite in adempimento di obblighi di legge e contrattuali, tutti i dati raccolti ed elaborati potranno essere comunicati esclusivamente per le finalit\u00e0 sopra specificate alle seguenti categorie di destinatari:<\/p><ul><li>Call center per assistenza clienti;<\/li><li>Clienti ed utenti;<\/li><li>Consulenti e liberi professionisti anche in forma associata;<\/li><li>Imprese;<\/li><li>Interessati;<\/li><\/ul><div>\u00a0<\/div><p>Nella gestione dei suoi dati, inoltre, possono venire a conoscenza degli stessi le seguenti categorie di persone autorizzate e\/o responsabili interni ed esterni individuati per iscritto ed ai quali sono state fornite specifiche istruzioni scritte circa il trattamento dei dati:<\/p><p><u><b>CATEGORIE DI DATI PERSONALI<\/b><\/u><\/p><p>4. Secondo quanto esplicitato dall&#8217;articolo 14 del Regolamento GDPR, non essendo stati ottenuti i dati presso l&#8217;interessato, si riportano le categorie di dati personali oggetto di trattamento:<\/p><ul><li>Codice fiscale ed altri numeri di identificazione personale (carte sanitarie);<\/li><li>Dati identificativi (ragione o denominazione sociale, ovvero nome e cognome delle persone fisiche, indirizzo sede, telefono, fax, e-mail, dati fiscali, ecc.);<\/li><li>Nominativo, indirizzo o altri elementi di identificazione personale (nome, cognome, et\u00e0, sesso, luogo e data di nascita, indirizzo privato, indirizzo di lavoro);<\/li><li>Particolari (sensibili);<\/li><li>Personali;<\/li><\/ul><div>\u00a0<\/div><p><u><b>PERIODO DI CONSERVAZIONE<\/b><\/u><\/p><p>Il periodo di conservazione dei dati \u00e8: I dati saranno trattati per tutto il tempo necessario allo svolgimento del rapporto commerciale in essere e per i successivi dieci anni dalla data di acquisizione degli stessi.<\/p><p><u><b>DIRITTI DELL\u2019INTERESSATO<\/b><\/u><\/p><p>5. Ai sensi del Regolamento europeo 679\/2016 (GDPR) e della normativa nazionale in vigore, l&#8217;interessato pu\u00f2, secondo le modalit\u00e0 e nei limiti previsti dalla vigente normativa, esercitare i seguenti diritti:<\/p><ul><li>richiedere la conferma dell&#8217;esistenza di dati personali che lo riguardano (diritto di accesso dell\u2019interessato \u2013 art. 15 del Regolamento 679\/2016);<\/li><li>conoscerne l&#8217;origine;<\/li><li>riceverne comunicazione intelligibile;<\/li><li>avere informazioni circa la logica, le modalit\u00e0 e le finalit\u00e0 del trattamento;<\/li><li>richiederne l&#8217;aggiornamento, la rettifica, l&#8217;integrazione, la cancellazione, la trasformazione in forma anonima, il blocco dei dati trattati in violazione di legge, ivi compresi quelli non pi\u00f9 necessari al perseguimento degli scopi per i quali sono stati raccolti (diritto di rettifica e cancellazione \u2013 artt. 16 e 17 del Regolamento 679\/2016);<\/li><li>diritto di limitazione e\/o di opposizione al trattamento dei dati che lo riguardano (art. 18 ed art. 21 del Regolamento 679\/2016);<\/li><li>diritto di revoca;<\/li><li>diritto alla portabilit\u00e0 dei dati (art. 20 del Regolamento 679\/2016);<\/li><li>nei casi di trattamento basato su consenso, ricevere i propri dati forniti al titolare, in forma strutturata e leggibile da un elaboratore di dati e in un formato comunemente usato da un dispositivo elettronico;<\/li><li>il diritto di presentare un reclamo all\u2019Autorit\u00e0 di controllo (diritto di accesso dell\u2019interessato \u2013 art. 15 del Regolamento 679\/2016).<\/li><\/ul><div>\u00a0<\/div><p>6. Titolare del trattamento dei Suoi dati personali \u00e8:<\/p><p><i><b>JIT ITALIA SRL con sede in Via Francia 21C 37135 Verona ( Italia ) P.iva e CF:\u00a0 04887040238 REA: 453753<\/b><\/i><\/p><ul><li>Email: jit@jititalia.it<\/li><li>Telefono: <strong>+39.347.0991941<\/strong><\/li><\/ul><div>\u00a0<\/div><div>\u00a0<\/div><p>7. La scrivente Societ\u00e0 ha nominato il <em><b>DPO (Data Protection Officer)<\/b><\/em>, che pu\u00f2 essere contattato al seguente indirizzo email: <b><a href=\"mailto:dpo@privacy196.it\"><em>dpo@privacy196.it<\/em><\/a>.<\/b><\/p>\t\t\t\t\t\t\t\t<\/div>\n\t\t\t\t<\/div>\n\t\t\t\t\t<\/div>\n\t\t<\/div>\n\t\t\t\t\t<\/div>\n\t\t<\/section>\n\t\t\t\t<section class=\"elementor-section elementor-top-section elementor-element elementor-element-24614fe elementor-section-boxed elementor-section-height-default elementor-section-height-default\" data-id=\"24614fe\" data-element_type=\"section\" data-e-type=\"section\">\n\t\t\t\t\t\t<div class=\"elementor-container elementor-column-gap-default\">\n\t\t\t\t\t<div class=\"elementor-column elementor-col-100 elementor-top-column elementor-element elementor-element-b859c0d\" data-id=\"b859c0d\" data-element_type=\"column\" data-e-type=\"column\">\n\t\t\t<div class=\"elementor-widget-wrap elementor-element-populated\">\n\t\t\t\t\t\t<div class=\"elementor-element elementor-element-8d67589 elementor-align-center elementor-widget elementor-widget-button\" data-id=\"8d67589\" data-element_type=\"widget\" data-e-type=\"widget\" data-widget_type=\"button.default\">\n\t\t\t\t<div class=\"elementor-widget-container\">\n\t\t\t\t\t\t\t\t\t<div class=\"elementor-button-wrapper\">\n\t\t\t\t\t<a class=\"elementor-button elementor-button-link elementor-size-sm\" href=\"https:\/\/jititalia.it\/wp-content\/uploads\/2022\/11\/INFORMATIVA-DEF-JIT-2022-SITO.pdf\" target=\"_blank\">\n\t\t\t\t\t\t<span class=\"elementor-button-content-wrapper\">\n\t\t\t\t\t\t\t\t\t<span class=\"elementor-button-text\">Scarica Informativa<\/span>\n\t\t\t\t\t<\/span>\n\t\t\t\t\t<\/a>\n\t\t\t\t<\/div>\n\t\t\t\t\t\t\t\t<\/div>\n\t\t\t\t<\/div>\n\t\t\t\t\t<\/div>\n\t\t<\/div>\n\t\t\t\t\t<\/div>\n\t\t<\/section>\n\t\t\t\t<section class=\"elementor-section elementor-top-section elementor-element elementor-element-0c8f9ce elementor-section-boxed elementor-section-height-default elementor-section-height-default\" data-id=\"0c8f9ce\" data-element_type=\"section\" data-e-type=\"section\">\n\t\t\t\t\t\t<div class=\"elementor-container elementor-column-gap-default\">\n\t\t\t\t\t<div class=\"elementor-column elementor-col-100 elementor-top-column elementor-element elementor-element-7a29112\" data-id=\"7a29112\" data-element_type=\"column\" data-e-type=\"column\">\n\t\t\t<div class=\"elementor-widget-wrap elementor-element-populated\">\n\t\t\t\t\t\t<div class=\"elementor-element elementor-element-d936d20 elementor-widget elementor-widget-spacer\" data-id=\"d936d20\" data-element_type=\"widget\" data-e-type=\"widget\" data-widget_type=\"spacer.default\">\n\t\t\t\t<div class=\"elementor-widget-container\">\n\t\t\t\t\t\t\t<div class=\"elementor-spacer\">\n\t\t\t<div class=\"elementor-spacer-inner\"><\/div>\n\t\t<\/div>\n\t\t\t\t\t\t<\/div>\n\t\t\t\t<\/div>\n\t\t\t\t\t<\/div>\n\t\t<\/div>\n\t\t\t\t\t<\/div>\n\t\t<\/section>\n\t\t\t\t<\/div>","protected":false},"excerpt":{"rendered":"<p>INFORMATIVA AL TRATTAMENTO DEI DATI PERSONALI I dati personali dell&#8217;utente sono utilizzati dalla JIT ITALIA SRL , che ne \u00e8 titolare per il trattamento, nel rispetto dei principi di protezione dei dati personali stabiliti dal Regolamento GDPR 2016\/679 e della normativa nazionale in vigore. FONTE DEI DATI PERSONALI La raccolta dei dati personali viene effettuata [&hellip;]<\/p>\n","protected":false},"author":1,"featured_media":0,"parent":0,"menu_order":0,"comment_status":"closed","ping_status":"open","template":"","meta":{"footnotes":""},"class_list":["post-3","page","type-page","status-publish","hentry"],"_links":{"self":[{"href":"https:\/\/jititalia.it\/en\/wp-json\/wp\/v2\/pages\/3","targetHints":{"allow":["GET"]}}],"collection":[{"href":"https:\/\/jititalia.it\/en\/wp-json\/wp\/v2\/pages"}],"about":[{"href":"https:\/\/jititalia.it\/en\/wp-json\/wp\/v2\/types\/page"}],"author":[{"embeddable":true,"href":"https:\/\/jititalia.it\/en\/wp-json\/wp\/v2\/users\/1"}],"replies":[{"embeddable":true,"href":"https:\/\/jititalia.it\/en\/wp-json\/wp\/v2\/comments?post=3"}],"version-history":[{"count":53,"href":"https:\/\/jititalia.it\/en\/wp-json\/wp\/v2\/pages\/3\/revisions"}],"predecessor-version":[{"id":3178,"href":"https:\/\/jititalia.it\/en\/wp-json\/wp\/v2\/pages\/3\/revisions\/3178"}],"wp:attachment":[{"href":"https:\/\/jititalia.it\/en\/wp-json\/wp\/v2\/media?parent=3"}],"curies":[{"name":"wp","href":"https:\/\/api.w.org\/{rel}","templated":true}]}}