{"id":900,"date":"2022-10-31T14:06:15","date_gmt":"2022-10-31T14:06:15","guid":{"rendered":"https:\/\/jititalia.it\/?page_id=900"},"modified":"2024-11-21T12:39:47","modified_gmt":"2024-11-21T12:39:47","slug":"cookie-policy","status":"publish","type":"page","link":"https:\/\/jititalia.it\/en\/cookie-policy\/","title":{"rendered":"Cookie Policy"},"content":{"rendered":"<div data-elementor-type=\"wp-page\" data-elementor-id=\"900\" class=\"elementor elementor-900\" data-elementor-post-type=\"page\">\n\t\t\t\t\t\t<section class=\"elementor-section elementor-top-section elementor-element elementor-element-0ddbec2 elementor-section-boxed elementor-section-height-default elementor-section-height-default\" data-id=\"0ddbec2\" data-element_type=\"section\" data-e-type=\"section\">\n\t\t\t\t\t\t<div class=\"elementor-container elementor-column-gap-default\">\n\t\t\t\t\t<div class=\"elementor-column elementor-col-100 elementor-top-column elementor-element elementor-element-3ed6e95\" data-id=\"3ed6e95\" data-element_type=\"column\" data-e-type=\"column\">\n\t\t\t<div class=\"elementor-widget-wrap elementor-element-populated\">\n\t\t\t\t\t\t<div class=\"elementor-element elementor-element-3cf1270 elementor-widget elementor-widget-heading\" data-id=\"3cf1270\" data-element_type=\"widget\" data-e-type=\"widget\" data-widget_type=\"heading.default\">\n\t\t\t\t<div class=\"elementor-widget-container\">\n\t\t\t\t\t<h1 class=\"elementor-heading-title elementor-size-default\">Cookie Policy<\/h1>\t\t\t\t<\/div>\n\t\t\t\t<\/div>\n\t\t\t\t\t<\/div>\n\t\t<\/div>\n\t\t\t\t\t<\/div>\n\t\t<\/section>\n\t\t\t\t<section class=\"elementor-section elementor-top-section elementor-element elementor-element-b03e57c elementor-section-boxed elementor-section-height-default elementor-section-height-default\" data-id=\"b03e57c\" data-element_type=\"section\" data-e-type=\"section\">\n\t\t\t\t\t\t<div class=\"elementor-container elementor-column-gap-default\">\n\t\t\t\t\t<div class=\"elementor-column elementor-col-100 elementor-top-column elementor-element elementor-element-c888462\" data-id=\"c888462\" data-element_type=\"column\" data-e-type=\"column\">\n\t\t\t<div class=\"elementor-widget-wrap elementor-element-populated\">\n\t\t\t\t\t\t<div class=\"elementor-element elementor-element-ccb591c elementor-widget elementor-widget-text-editor\" data-id=\"ccb591c\" data-element_type=\"widget\" data-e-type=\"widget\" data-widget_type=\"text-editor.default\">\n\t\t\t\t<div class=\"elementor-widget-container\">\n\t\t\t\t\t\t\t\t\t<p>JIT<strong> ITALIA SRL <\/strong><\/p><p>VIA FRANCIA 21C 37138 VERONA (VR)<\/p><p>Tel: 3470991941 &#8211; Fax: 0454851262<\/p><p>P.IVA 04887040238<\/p><p>\u00a0<\/p><p><b>Informativa sul trattamento dei dati personali ex artt. 13-14 Reg.to UE 2016\/679<\/b><\/p><h1>Soggetti Interessati: Navigatori del portale JITITALIA.IT<\/h1><p><strong>\u00a0<\/strong><\/p><p>JIT ITALIA SRL \u00a0nella qualit\u00e0 di Titolare del trattamento dei Suoi dati personali, ai sensi e per gli effetti del Reg.to UE 2016\/679 di seguito &#8216;GDPR&#8217;, con la presente La informa che la citata normativa prevede la tutela degli interessati rispetto al trattamento dei dati personali e che tale trattamento sar\u00e0 improntato ai principi di correttezza, liceit\u00e0, trasparenza e di tutela della Sua riservatezza e dei Suoi diritti.<\/p><p>I Suoi dati personali verranno trattati in accordo alle disposizioni legislative della normativa sopra richiamata e degli obblighi di riservatezza ivi previsti.<\/p><p>\u00a0<\/p><table width=\"100%\"><tbody><tr><td>gestione dei cookie necessari per il portale.<\/td><\/tr><\/tbody><\/table><p>Finalit\u00e0 e base giuridica del trattamento: in particolare i Suoi dati saranno utilizzati per le seguenti finalit\u00e0 relative all\u2019esecuzione di misure connesse ad obblighi contrattuali o pre-contrattuali:<\/p><p>Modalit\u00e0 del trattamento. I suoi dati personali potranno essere trattati nei seguenti modi:<\/p><table width=\"100%\"><tbody><tr><td><p>a mezzo calcolatori elettronici con utilizzo di sistemi software gestiti da Terzi;<\/p><p>a mezzo calcolatori elettronici con utilizzo di sistemi software gestiti o programmati direttamente.<\/p><\/td><\/tr><\/tbody><\/table><p>Ogni trattamento avviene nel rispetto delle modalit\u00e0 di cui agli artt. 6, 32 del GDPR e mediante l&#8217;adozione delle adeguate misure di sicurezza previste. I suoi dati saranno trattati unicamente da personale espressamente autorizzato dal Titolare ed, in particolare, dalle seguenti categorie di addetti:<\/p><table width=\"100%\"><tbody><tr><td>operatori interni alla gestione del portale web.<\/td><\/tr><\/tbody><\/table><table width=\"100%\"><tbody><tr><td>provider di servizi web per la gestione e il mantenimento della piattaforma.<\/td><\/tr><\/tbody><\/table><p>Comunicazione: i suoi dati potranno essere comunicati a soggetti esterni per una corretta gestione del rapporto ed in particolare alle seguenti categorie di Destinatari tra cui tutti i Responsabili del Trattamento debitamente nominati:<\/p><p>Diffusione: I suoi dati personali non verranno diffusi in alcun modo.<\/p><p>\u00a0<\/p><table width=\"100%\"><tbody><tr><td>\u00a0\u00a0\u00a0\u00a0\u00a0\u00a0 10 ANNI<\/td><\/tr><\/tbody><\/table><p>Periodo di Conservazione. Le segnaliamo che, nel rispetto dei principi di liceit\u00e0, limitazione delle finalit\u00e0 e minimizzazione dei dati, ai sensi dell\u2019art. 5 del GDPR, il periodo di conservazione dei Suoi dati personali \u00e8:<\/p><p>Gestione dei cookie: nel caso in cui Lei abbia dubbi o preoccupazioni in merito all&#8217;utilizzo dei cookie Le \u00e8 sempre possibile intervenire per impedirne l&#8217;impostazione e la lettura, ad esempio modificando le impostazioni sulla privacy all&#8217;interno del Suo browser al fine di bloccarne determinati tipi.<\/p><p>Poich\u00e9 ciascun browser &#8211; e spesso diverse versioni dello stesso browser &#8211; differiscono anche sensibilmente le une dalle altre se preferisce agire autonomamente mediante le preferenze del Suo browser pu\u00f2 trovare informazioni dettagliate sulla procedura necessaria nella guida del Suo browser. Per una panoramica delle modalit\u00e0 di azione per i browser pi\u00f9 comuni, pu\u00f2 visitare l&#8217;indirizzo <a href=\"http:\/\/www.cookiepedia.co.uk\/\" target=\"_blank\" rel=\"noopener\">www.cookiepedia.co.uk.<\/a><\/p><p>Le societ\u00e0 pubblicitarie consentono inoltre di rinunciare alla ricezione di annunci mirati, se lo si desidera. Ci\u00f2 non impedisce l&#8217;impostazione dei cookie, ma<\/p><p>interrompe l&#8217;utilizzo e la raccolta di alcuni dati da parte di tali societ\u00e0.<\/p><p>\u00a0<\/p><p>Per maggiori informazioni e possibilit\u00e0 di rinuncia, visitare l&#8217;indirizzo <a href=\"http:\/\/www.youronlinechoices.eu\/\" target=\"_blank\" rel=\"noopener\">www.youronlinechoices.eu\/.<\/a><\/p><p>\u00a0<\/p><p>Titolare: il Titolare del trattamento dei dati, ai sensi della Legge, \u00e8<\/p><p>\u00a0<\/p><p>JIT ITALIA SRL \u00a0<strong>(VIA FRANCIA 21C , 37138 VERONA (VR); P. IVA:04887040238 ; contattabile ai seguenti recapiti: E-mail: JIT@JITITALIA.IT; Telefono: 3470991941) nella persona del suo legale rappresentante pro tempore.<\/strong><\/p><p><strong>La JIT ITALIA SRL \u00a0ha nominato il Dpo che pu\u00f2 essere raggiunto al seguente indirizzo : dpo@privacy196.it<\/strong><\/p><p>Lei ha diritto di ottenere dal titolare la cancellazione (diritto all&#8217;oblio), la limitazione, l&#8217;aggiornamento, la rettificazione, la portabilit\u00e0, l&#8217;opposizione al trattamento dei dati personali che La riguardano, nonch\u00e9 in generale pu\u00f2 esercitare tutti i diritti previsti dagli artt. 15, 16, 17, 18, 19, 20, 21, 22 del GDPR.<\/p><p>\u00a0<\/p><p>\u00a0<\/p><h1>Reg.to UE 2016\/679: Artt. 15, 16, 17, 18, 19, 20, 21, 22 &#8211; Diritti dell&#8217;Interessato<\/h1><p><strong>\u00a0<\/strong><\/p><ol><li>L&#8217;interessato ha diritto di ottenere la conferma dell&#8217;esistenza o meno di dati personali che lo riguardano, anche se non ancora registrati, la loro comunicazione in forma intelligibile e la possibilit\u00e0 di effettuare reclamo presso l\u2019Autorit\u00e0 di<\/li><li>L&#8217;interessato ha diritto di ottenere l&#8217;indicazione:<\/li><\/ol><table width=\"100%\"><tbody><tr><td><p>a.\u00a0\u00a0\u00a0 dell&#8217;origine dei dati personali;<\/p><p>b.\u00a0\u00a0\u00a0 delle finalit\u00e0 e modalit\u00e0 del trattamento;<\/p><p>c.\u00a0\u00a0\u00a0 della logica applicata in caso di trattamento effettuato con l&#8217;ausilio di strumenti elettronici;<\/p><p>d.\u00a0\u00a0\u00a0 degli estremi identificativi del titolare, dei responsabili e del rappresentante designato ai sensi dell&#8217;articolo 5, comma 2;<\/p><p>e.\u00a0\u00a0\u00a0 dei soggetti o delle categorie di soggetti ai quali i dati personali possono essere comunicati o che possono venirne a conoscenza in qualit\u00e0 di rappresentante designato nel territorio dello Stato, di responsabili o incaricati.<\/p><\/td><\/tr><\/tbody><\/table><ol start=\"3\"><li>L&#8217;interessato ha diritto di ottenere:<\/li><\/ol><table width=\"100%\"><tbody><tr><td><p>a.\u00a0\u00a0\u00a0 l&#8217;aggiornamento, la rettificazione ovvero, quando vi ha interesse, l&#8217;integrazione dei dati;<\/p><p>b.\u00a0\u00a0\u00a0 la cancellazione, la trasformazione in forma anonima o il blocco dei dati trattati in violazione di legge, compresi quelli di cui non \u00e8 necessaria la conservazione in relazione agli scopi per i quali i dati sono stati raccolti o successivamente trattati;<\/p><p>c.\u00a0\u00a0\u00a0 l&#8217;attestazione che le operazioni di cui alle lettere a) e b) sono state portate a conoscenza, anche per quanto riguarda il loro contenuto, di coloro ai quali i dati sono stati comunicati o diffusi, eccettuato il caso in cui tale adempimento si rivela impossibile o comporta un impiego di mezzi manifestamente sproporzionato rispetto al diritto tutelato;<\/p><p>d.\u00a0\u00a0\u00a0 la portabilit\u00e0 dei dati.<\/p><\/td><\/tr><\/tbody><\/table><ol start=\"4\"><li>L&#8217;interessato ha diritto di opporsi, in tutto o in parte:<\/li><\/ol><table width=\"100%\"><tbody><tr><td><p>a.\u00a0\u00a0\u00a0 per motivi legittimi al trattamento dei dati personali che lo riguardano, ancorch\u00e9 pertinenti allo scopo della raccolta;<\/p><p>b.\u00a0\u00a0\u00a0 al trattamento di dati personali che lo riguardano a fini di invio di materiale pubblicitario o di vendita diretta o per il compimento di ricerche di mercato o di comunicazione commerciale.<\/p><\/td><\/tr><\/tbody><\/table><p><strong>\u00a0<\/strong><\/p><p><strong>\u00a0<\/strong><\/p><p><strong>\u00a0<\/strong><\/p><p><strong>\u00a0<\/strong><\/p><p><strong>\u00a0<\/strong><\/p><p><strong>\u00a0<\/strong><\/p><p><strong>\u00a0<\/strong><\/p><p><strong>ALLEGATO COOKIES<\/strong><\/p><table width=\"100%\"><tbody><tr><td><strong>I cookie necessari contribuiscono a rendere fruibile il sito web abilitandone funzionalit\u00e0 di base quali la navigazione sulle pagine e l&#8217;accesso alle aree protette del sito. Il sito web non \u00e8 in grado di funzionare correttamente senza questi cookie.<\/strong><\/td><\/tr><\/tbody><\/table><p><strong>\u00a0<\/strong><\/p><table width=\"100%\"><tbody><tr><td><strong>NOME COOKIE<\/strong><\/td><td><strong>FORNITORE<\/strong><\/td><td><strong>TIPO<\/strong><\/td><td><strong>SCADENZA<\/strong><\/td><\/tr><tr><td><strong>CookieConsent<\/strong><\/td><td><strong>jititalia.it<\/strong><\/td><td><strong>HTTP<\/strong><\/td><td><strong>1 anno<\/strong><\/td><\/tr><tr><td colspan=\"4\"><p><strong>Primo URL trovato: <a href=\"https:\/\/jititalia.it\/en\/hello-world\/\">https:\/\/jititalia.it\/hello-world\/<\/a><\/strong><\/p><p><strong>Descrizione dello scopo dei cookie: Memorizza lo stato del consenso ai cookie dell&#8217;utente per il dominio corrente<\/strong><\/p><\/td><\/tr><tr><td colspan=\"4\"><strong>Inizializzatore: Script tag, pagina numero di linea sorgente 57<br \/>Origine: https:\/\/consent.cookiebot.com\/uc.js<\/strong><\/td><\/tr><tr><td colspan=\"4\"><strong>Dati inviati in: Irlanda (adeguato) <\/strong><\/td><\/tr><tr><td colspan=\"4\"><strong>Paese adeguato secondo il GDPR (UE)<\/strong><\/td><\/tr><tr><td colspan=\"4\">\u00a0<\/td><\/tr><tr><td><strong>elementor<\/strong><\/td><td><strong>jititalia.it<\/strong><\/td><td><strong>HTML<\/strong><\/td><td><strong>Persistent<\/strong><\/td><\/tr><tr><td colspan=\"4\"><p><strong>Primo URL trovato: <a href=\"https:\/\/jititalia.it\/en\/hello-world\/\">https:\/\/jititalia.it\/hello-world\/<\/a><\/strong><\/p><p><strong>Descrizione dello scopo dei cookie: Utilizzato nell&#8217;ambito del tema WordPress del sito web. Il cookie consente al proprietario del sito di implementare o modificare il contenuto del sito in tempo reale.<\/strong><\/p><\/td><\/tr><tr><td colspan=\"4\"><strong>Inizializzatore: Script tag, pagina numero di linea sorgente 293<br \/>Origine: https:\/\/jititalia.it\/wp-content\/plugins\/elementor\/assets\/js\/frontend.min.js?ver=3.7.8<br \/>tramite https:\/\/jititalia.it\/wp-content\/plugins\/elementor\/assets\/js\/webpack.runtime.min.js?ver=3.7.8<\/strong><\/td><\/tr><tr><td colspan=\"4\"><strong>Dati inviati in: Italia (adeguato) <\/strong><\/td><\/tr><tr><td colspan=\"4\"><strong>Paese adeguato secondo il GDPR (UE)<\/strong><\/td><\/tr><tr><td colspan=\"4\">\u00a0<\/td><\/tr><tr><td><strong>rc::a<\/strong><\/td><td><strong>maps.google.com<\/strong><\/td><td><strong>HTML<\/strong><\/td><td><strong>Persistent<\/strong><\/td><\/tr><tr><td colspan=\"4\"><p><strong>Primo URL trovato: <a href=\"https:\/\/jititalia.it\/en\/contact-us\/\">https:\/\/jititalia.it\/contact-us\/<\/a><\/strong><\/p><p><strong>Descrizione dello scopo dei cookie: Questo cookie \u00e8 usato per distinguere tra umani e robot. Questo \u00e8 utile per il sito web, al fine di rendere validi rapporti sull&#8217;uso del sito.<\/strong><\/p><\/td><\/tr><tr><td colspan=\"4\"><strong>Inizializzatore: Script tag<br \/>Origine: https:\/\/jititalia.it\/contact-us\/<\/strong><\/td><\/tr><tr><td colspan=\"4\"><strong>Dati inviati in: Stati Uniti <\/strong><\/td><\/tr><\/tbody><\/table><p><strong>\u00a0<\/strong><\/p>\t\t\t\t\t\t\t\t<\/div>\n\t\t\t\t<\/div>\n\t\t\t\t\t<\/div>\n\t\t<\/div>\n\t\t\t\t\t<\/div>\n\t\t<\/section>\n\t\t\t\t<section class=\"elementor-section elementor-top-section elementor-element elementor-element-636d8fb elementor-section-boxed elementor-section-height-default elementor-section-height-default\" data-id=\"636d8fb\" data-element_type=\"section\" data-e-type=\"section\">\n\t\t\t\t\t\t<div class=\"elementor-container elementor-column-gap-default\">\n\t\t\t\t\t<div class=\"elementor-column elementor-col-100 elementor-top-column elementor-element elementor-element-9204d30\" data-id=\"9204d30\" data-element_type=\"column\" data-e-type=\"column\">\n\t\t\t<div class=\"elementor-widget-wrap elementor-element-populated\">\n\t\t\t\t\t\t<div class=\"elementor-element elementor-element-d095d2c elementor-align-center elementor-widget elementor-widget-button\" data-id=\"d095d2c\" data-element_type=\"widget\" data-e-type=\"widget\" data-widget_type=\"button.default\">\n\t\t\t\t<div class=\"elementor-widget-container\">\n\t\t\t\t\t\t\t\t\t<div class=\"elementor-button-wrapper\">\n\t\t\t\t\t<a class=\"elementor-button elementor-button-link elementor-size-sm\" href=\"https:\/\/jititalia.it\/wp-content\/uploads\/2022\/11\/INFORMATIVA-COOKIES-DEF-JIT-2022.pdf\" target=\"_blank\">\n\t\t\t\t\t\t<span class=\"elementor-button-content-wrapper\">\n\t\t\t\t\t\t\t\t\t<span class=\"elementor-button-text\">scarica Informativa <\/span>\n\t\t\t\t\t<\/span>\n\t\t\t\t\t<\/a>\n\t\t\t\t<\/div>\n\t\t\t\t\t\t\t\t<\/div>\n\t\t\t\t<\/div>\n\t\t\t\t\t<\/div>\n\t\t<\/div>\n\t\t\t\t\t<\/div>\n\t\t<\/section>\n\t\t\t\t<section class=\"elementor-section elementor-top-section elementor-element elementor-element-bdac5d4 elementor-section-boxed elementor-section-height-default elementor-section-height-default\" data-id=\"bdac5d4\" data-element_type=\"section\" data-e-type=\"section\">\n\t\t\t\t\t\t<div class=\"elementor-container elementor-column-gap-default\">\n\t\t\t\t\t<div class=\"elementor-column elementor-col-100 elementor-top-column elementor-element elementor-element-16c832a\" data-id=\"16c832a\" data-element_type=\"column\" data-e-type=\"column\">\n\t\t\t<div class=\"elementor-widget-wrap elementor-element-populated\">\n\t\t\t\t\t\t<div class=\"elementor-element elementor-element-3949251 elementor-widget elementor-widget-spacer\" data-id=\"3949251\" data-element_type=\"widget\" data-e-type=\"widget\" data-widget_type=\"spacer.default\">\n\t\t\t\t<div class=\"elementor-widget-container\">\n\t\t\t\t\t\t\t<div class=\"elementor-spacer\">\n\t\t\t<div class=\"elementor-spacer-inner\"><\/div>\n\t\t<\/div>\n\t\t\t\t\t\t<\/div>\n\t\t\t\t<\/div>\n\t\t\t\t\t<\/div>\n\t\t<\/div>\n\t\t\t\t\t<\/div>\n\t\t<\/section>\n\t\t\t\t<\/div>","protected":false},"excerpt":{"rendered":"<p>Cookie Policy JIT ITALIA SRL VIA FRANCIA 21C 37138 VERONA (VR) Tel: 3470991941 &#8211; Fax: 0454851262 P.IVA 04887040238 \u00a0 Informativa sul trattamento dei dati personali ex artt. 13-14 Reg.to UE 2016\/679 Soggetti Interessati: Navigatori del portale JITITALIA.IT \u00a0 JIT ITALIA SRL \u00a0nella qualit\u00e0 di Titolare del trattamento dei Suoi dati personali, ai sensi e per [&hellip;]<\/p>\n","protected":false},"author":2,"featured_media":0,"parent":0,"menu_order":0,"comment_status":"closed","ping_status":"closed","template":"","meta":{"footnotes":""},"class_list":["post-900","page","type-page","status-publish","hentry"],"_links":{"self":[{"href":"https:\/\/jititalia.it\/en\/wp-json\/wp\/v2\/pages\/900","targetHints":{"allow":["GET"]}}],"collection":[{"href":"https:\/\/jititalia.it\/en\/wp-json\/wp\/v2\/pages"}],"about":[{"href":"https:\/\/jititalia.it\/en\/wp-json\/wp\/v2\/types\/page"}],"author":[{"embeddable":true,"href":"https:\/\/jititalia.it\/en\/wp-json\/wp\/v2\/users\/2"}],"replies":[{"embeddable":true,"href":"https:\/\/jititalia.it\/en\/wp-json\/wp\/v2\/comments?post=900"}],"version-history":[{"count":36,"href":"https:\/\/jititalia.it\/en\/wp-json\/wp\/v2\/pages\/900\/revisions"}],"predecessor-version":[{"id":3179,"href":"https:\/\/jititalia.it\/en\/wp-json\/wp\/v2\/pages\/900\/revisions\/3179"}],"wp:attachment":[{"href":"https:\/\/jititalia.it\/en\/wp-json\/wp\/v2\/media?parent=900"}],"curies":[{"name":"wp","href":"https:\/\/api.w.org\/{rel}","templated":true}]}}